{"id":83,"date":"2025-02-21T23:06:29","date_gmt":"2025-02-21T23:06:29","guid":{"rendered":"https:\/\/psychotherapie-meurers.de\/?page_id=83"},"modified":"2025-02-21T23:06:29","modified_gmt":"2025-02-21T23:06:29","slug":"datenschutz","status":"publish","type":"page","link":"https:\/\/psychotherapie-meurers.de\/?page_id=83","title":{"rendered":"Datenschutz"},"content":{"rendered":"\n<p><strong>Welche personenbezogenen Daten werden erhoben?<\/strong><\/p>\n\n\n\n<p>Es werden personenbezogene Daten nur dann erhoben und genutzt, wenn ein gesetzlicher Grund f\u00fcr die Erhebung und Nutzung vorliegt. Wir erheben und verwenden personenbezogene Daten nur, soweit dies zur Bereitstellung einer funktionsf\u00e4higen Webseite sowie unserer Inhalte und Leistungen erforderlich ist.<\/p>\n\n\n\n<p>Als personenbezogene Daten gelten s\u00e4mtliche Informationen, die dazu dienen, einen R\u00fcckschluss auf Ihre Person zuzulassen (z.B. Vor- und Nachname, E-Mail-Adresse, Telefonnummer).<\/p>\n\n\n\n<p>Aufgrund Ihrer freiwilligen Eingaben auf der Webseite erheben wir Daten beispielsweise auf dem Kontaktformular (Vor- und Nachname und Ihre E-Mail-Adresse). Die von Ihnen eingegebenen Daten dienen alleine der Kontaktaufnahme und werden gel\u00f6scht, sobald sie f\u00fcr die Erreichung des Zweckes ihrer Erhebung nicht mehr erforderlich sind. Im Online-Formular weisen wir Sie nochmals auf den Zweck der Datenerhebung und auf diese Datenschutzerkl\u00e4rung hin.<\/p>\n\n\n\n<p>Weitere Daten erheben wir nicht.<\/p>\n\n\n\n<p><strong>Welche Informationen werden noch erfasst?<\/strong><\/p>\n\n\n\n<p>Beim Aufruf der Webseite wird Ihre IP-Adresse mit dem Zeitpunkt und Inhalt Ihres Abrufs einschlie\u00dflich der \u00fcbertragenen Datenmenge und der Meldung, ob der Abruf erfolgreich war, erfasst. Die vor\u00fcbergehende Speicherung der IP-Adresse erfolgt, um die Funktionsf\u00e4higkeit der Webseite sicherzustellen. Diese Daten werden nach Ende des Zugriffs auf die Webseite gel\u00f6scht, weil mit der Erreichung des Zweckes die Erhebung nicht mehr erforderlich ist.<\/p>\n\n\n\n<p><strong>Auf welche Weise werden Daten erfasst?<\/strong><\/p>\n\n\n\n<p>Die Daten, die bei jedem Zugriff der Seite erhoben werden, werden automatisch protokolliert; ansonsten nur aufgrund Ihrer Eingabe und beim Bestellservice durch ein tempor\u00e4res Cookie.<\/p>\n\n\n\n<p><strong>Wof\u00fcr werden die Daten genutzt?<\/strong><\/p>\n\n\n\n<p>Die Daten werden ausschlie\u00dflich zur Bereitstellung, Optimierung und Sicherheit des Internetangebots genutzt. Mit Ihrer Einwilligung werden Ihre Daten nur zur Entgegennahme Ihrer Mitteilung (z.B. bei der Terminbuchung) genutzt.&nbsp;<\/p>\n\n\n\n<p><strong>Die Daten werden nicht genutzt\u2026<\/strong><\/p>\n\n\n\n<p>Zur Profilbildung, zu Werbezwecken und werden nicht an Dritte weitergegeben.<\/p>\n\n\n\n<p><strong>Welche Rechte hat der\/die Besucher*in der Webseite?<\/strong><\/p>\n\n\n\n<p>Auskunft, L\u00f6schung, Berichtigung, Widerspruch. Ihre Rechte k\u00f6nnen Sie schriftlich oder per E-Mail gegen\u00fcber der im Impressum genannten Stelle geltend machen.<\/p>\n\n\n\n<p>Ungeachtet dessen haben Sie das Recht auf Beschwerde bei einer Aufsichtsbeh\u00f6rde ihres Aufenthaltsorts, ihres Arbeitsplatzes oder des Orts der mutma\u00dflichen Datenschutzverletzung, wenn Sie der Ansicht sind, dass die Verarbeitung der Sie betreffenden personenbezogenen Daten gegen die Datenschutzgrundverordnung verst\u00f6\u00dft.<\/p>\n\n\n\n<p><strong>Verwendung von Cookies<\/strong><\/p>\n\n\n\n<p>In bestimmten F\u00e4llen werden Cookies verwendet. Ruft ein\/e Nutzer*in eine Webseite auf, kann ein Cookie auf dem Betriebssystem der Nutzer*in\/des Nutzers gespeichert werden, die beim erneuten Aufruf der Webseite eine eindeutige Identifizierung erm\u00f6glicht. Cookies enthalten allerdings keine personenbezogenen Daten und werden nach Ablauf der Sitzung automatisch gel\u00f6scht. Im Fall einer Verlinkung k\u00f6nnen Cookies von Drittanbietern zum Einsatz kommen, ohne dass wir Sie darauf ausdr\u00fccklich hinweisen k\u00f6nnen.<\/p>\n\n\n\n<p>Die g\u00e4ngigen Browser erlauben es, die Verarbeitung solcher Cookies festzulegen, so dass Sie das Speichern dieser Cookies in Ihrem Internetbrowser deaktivieren bzw. die Art der Verarbeitung durch Ihren Browser einstellen k\u00f6nnen. Bei der Deaktivierung ist nicht gew\u00e4hrleistet, dass Sie auf alle Funktionen dieser Webseite ohne Einschr\u00e4nkungen zugreifen k\u00f6nnen.<\/p>\n\n\n\n<p><strong>Hinweis auf Verschl\u00fcsselung<\/strong><\/p>\n\n\n\n<p>Dieses Angebot unterst\u00fctzt den gesicherten Zugriff \u00fcber das HTTPS\/SSL-Protokoll.<\/p>\n","protected":false},"excerpt":{"rendered":"<p>Welche personenbezogenen Daten werden erhoben? Es werden personenbezogene Daten nur dann erhoben und genutzt, wenn ein gesetzlicher Grund f\u00fcr die Erhebung und Nutzung vorliegt. Wir erheben und verwenden personenbezogene Daten nur, soweit dies zur Bereitstellung einer funktionsf\u00e4higen Webseite sowie unserer Inhalte und Leistungen erforderlich ist. Als personenbezogene Daten gelten s\u00e4mtliche Informationen, die dazu dienen, einen [&hellip;]<\/p>\n","protected":false},"author":1,"featured_media":0,"parent":0,"menu_order":0,"comment_status":"closed","ping_status":"closed","template":"","meta":{"footnotes":""},"class_list":["post-83","page","type-page","status-publish","hentry"],"_links":{"self":[{"href":"https:\/\/psychotherapie-meurers.de\/index.php?rest_route=\/wp\/v2\/pages\/83","targetHints":{"allow":["GET"]}}],"collection":[{"href":"https:\/\/psychotherapie-meurers.de\/index.php?rest_route=\/wp\/v2\/pages"}],"about":[{"href":"https:\/\/psychotherapie-meurers.de\/index.php?rest_route=\/wp\/v2\/types\/page"}],"author":[{"embeddable":true,"href":"https:\/\/psychotherapie-meurers.de\/index.php?rest_route=\/wp\/v2\/users\/1"}],"replies":[{"embeddable":true,"href":"https:\/\/psychotherapie-meurers.de\/index.php?rest_route=%2Fwp%2Fv2%2Fcomments&post=83"}],"version-history":[{"count":1,"href":"https:\/\/psychotherapie-meurers.de\/index.php?rest_route=\/wp\/v2\/pages\/83\/revisions"}],"predecessor-version":[{"id":84,"href":"https:\/\/psychotherapie-meurers.de\/index.php?rest_route=\/wp\/v2\/pages\/83\/revisions\/84"}],"wp:attachment":[{"href":"https:\/\/psychotherapie-meurers.de\/index.php?rest_route=%2Fwp%2Fv2%2Fmedia&parent=83"}],"curies":[{"name":"wp","href":"https:\/\/api.w.org\/{rel}","templated":true}]}}